{"id":2400,"date":"2024-02-13T18:41:43","date_gmt":"2024-02-13T17:41:43","guid":{"rendered":"https:\/\/ana-d.it\/dichiarazione-sulla-privacy-br\/"},"modified":"2024-02-13T19:00:02","modified_gmt":"2024-02-13T18:00:02","slug":"dichiarazione-sulla-privacy-br","status":"publish","type":"page","link":"https:\/\/ana-d.it\/it\/dichiarazione-sulla-privacy-br\/","title":{"rendered":"Dichiarazione sulla Privacy (BR)"},"content":{"rendered":"\n<!-- Legal document generated by Complianz | GDPR\/CCPA Cookie Consent https:\/\/wordpress.org\/plugins\/complianz-gdpr -->\n<div id=\"cmplz-document\" class=\"cmplz-document privacy-statement cmplz-document-br\"><p><i>Questa dichiarazione sulla privacy \u00e8 stata aggiornata l'ultima volta il 02\/01\/2025 e si applica ai cittadini e ai residenti legali del Brasile.<\/i><br \/><br \/><\/p><p>In questa dichiarazione sulla privacy, spieghiamo cosa facciamo con i tuoi dati che otteniamo tramite <a href=\"https:\/\/ana-d.it\/it\/\">https:\/\/ana-d.it\/it\/<\/a>. Ti consigliamo di leggere attentamente questa dichiarazione. Nel nostro trattamento rispettiamo i requisiti della legislazione sulla privacy. Ci\u00f2 significa, tra l'altro, che:<\/p><ul>\n                <li>comunichiamo chiaramente il motivo per il quale processiamo dati personali. Facciamo questo per mezzo di questa dichiarazione sulla privacy;<\/li>\n                <li>miriamo a limitare la raccolta di dati personali solo ai dati personali richiesti per scopi legittimi;<\/li>\n                <li>prima chiediamo il tuo esplicito consenso per processare i tuoi dati personali nei casi che richiedono il tuo consenso;<\/li>\n                <li>adottiamo misure di sicurezza appropriate per proteggere i tuoi dati personali e lo richiediamo anche da parti che elaborano dati personali per nostro conto;<\/li>\n                <li>rispettiamo il tuo diritto di accesso ai tuoi dati personali o di averli corretti o cancellati, su tua richiesta.<\/li>\n            <\/ul><p>Se hai domande o vuoi sapere esattamente quali dati conserviamo, contattaci.<\/p><h2>1. Scopo, dati e periodo di conservazione<\/h2>Possiamo raccogliere o ricevere informazioni personali per una serie di scopi legati alle nostre operazioni commerciali che possono includere quanto segue: (clicca per espandere)<details class=\"cmplz-dropdown dropdown-privacy-statement\"><summary><div><h3>1.1 Per supportare servizi o prodotti che un cliente vogliono o hanno comprato<\/h3><\/div><\/summary><p class=\"cmplz-subtitle\">Per questo scopo usiamo i seguenti dati:<\/p><p><ul><li>Un nome e cognome<\/li><li>Nome account o alias<\/li><li>Un indirizzo email<\/li><li>Un numero di telefono<\/li><\/ul><\/p><p class=\"cmplz-subtitle\">La base con la quale processiamo i dati \u00e8:<\/p><p><a target=\"_blank\" rel=\"noopener noreferrer nofollow\" href=\"https:\/\/cookiedatabase.org\/legal-bases\/#consent\">Su disposizione del consenso.<\/a><\/p><p class=\"cmplz-subtitle\">Periodo di conservazione<\/p><p>Conserviamo questi dati fino al termine del servizio.<\/p><\/details><details class=\"cmplz-dropdown dropdown-privacy-statement\"><summary><div><h3>1.2 Newsletter<\/h3><\/div><\/summary><p class=\"cmplz-subtitle\">Per questo scopo usiamo i seguenti dati:<\/p><p><ul><li>Un nome e cognome<\/li><li>Un indirizzo email<\/li><li>Una casa oppure un differente indirizzo fisico, incluso nome della via e citt\u00e0<\/li><li>Un numero di telefono<\/li><\/ul><\/p><p class=\"cmplz-subtitle\">La base con la quale processiamo i dati \u00e8:<\/p><p><a target=\"_blank\" rel=\"noopener noreferrer nofollow\" href=\"https:\/\/cookiedatabase.org\/legal-bases\/#consent\">Su disposizione del consenso.<\/a><\/p><p class=\"cmplz-subtitle\">Periodo di conservazione<\/p><p>Conserviamo questi dati fino al termine del servizio.<\/p><\/details><details class=\"cmplz-dropdown dropdown-privacy-statement\"><summary><div><h3>1.3 Registrazione account<\/h3><\/div><\/summary><p class=\"cmplz-subtitle\">Per questo scopo usiamo i seguenti dati:<\/p><p><ul><li>Un nome e cognome<\/li><li>Nome account o alias<\/li><li>Una casa oppure un differente indirizzo fisico, incluso nome della via e citt\u00e0<\/li><li>Un indirizzo email<\/li><li>Un numero di telefono<\/li><\/ul><\/p><p class=\"cmplz-subtitle\">La base con la quale processiamo i dati \u00e8:<\/p><p><a target=\"_blank\" rel=\"noopener noreferrer nofollow\" href=\"https:\/\/cookiedatabase.org\/legal-bases\/#consent\">Su disposizione del consenso.<\/a><\/p><p class=\"cmplz-subtitle\">Periodo di conservazione<\/p><p>Conserviamo questi dati fino al termine del servizio.<\/p><\/details><details class=\"cmplz-dropdown dropdown-privacy-statement\"><summary><div><h3>1.4 Pagamenti<\/h3><\/div><\/summary><p class=\"cmplz-subtitle\">Per questo scopo usiamo i seguenti dati:<\/p><p><ul><li>Un nome e cognome<\/li><li>Un indirizzo email<\/li><li>Una casa oppure un differente indirizzo fisico, incluso nome della via e citt\u00e0<\/li><li>Un numero di telefono<\/li><\/ul><\/p><p class=\"cmplz-subtitle\">La base con la quale processiamo i dati \u00e8:<\/p><p><a target=\"_blank\" rel=\"noopener noreferrer nofollow\" href=\"https:\/\/cookiedatabase.org\/legal-bases\/#consent\">Su disposizione del consenso.<\/a><\/p><p class=\"cmplz-subtitle\">Periodo di conservazione<\/p><p>Conserviamo questi dati al termine del servizio per il seguente numero di mesi: 1000<\/p><\/details><details class=\"cmplz-dropdown dropdown-privacy-statement\"><summary><div><h3>1.5 Contatto - Tramite telefono, posta, email e\/o moduli web<\/h3><\/div><\/summary><p class=\"cmplz-subtitle\">Per questo scopo usiamo i seguenti dati:<\/p><p><ul><li>Un nome e cognome<\/li><li>Una casa oppure un differente indirizzo fisico, incluso nome della via e citt\u00e0<\/li><li>Un indirizzo email<\/li><li>Un numero di telefono<\/li><\/ul><\/p><p class=\"cmplz-subtitle\">La base con la quale processiamo i dati \u00e8:<\/p><p><a target=\"_blank\" rel=\"noopener noreferrer nofollow\" href=\"https:\/\/cookiedatabase.org\/legal-bases\/#consent\">Su disposizione del consenso.<\/a><\/p><p class=\"cmplz-subtitle\">Periodo di conservazione<\/p><p>Conserviamo questi dati al termine del servizio per il seguente numero di mesi: 1000<\/p><\/details><h2>2. Cosa succede se non ci fornisci i tuoi dati personali?<\/h2><p>Se non ci fornisci le tue informazioni personali, potremmo non essere in grado di fornirti le informazioni, i prodotti o l'assistenza che stai cercando.<\/p><h2>3. Condivisione con altre parti<\/h2><p>Condividiamo o divulghiamo questi dati a processori esclusivamente per i seguenti scopi:<\/p><h2>4. Cookie<\/h2><p>Il nostro sito web usa cookie. Per ulteriori informazioni riguardo i cookie, per favore fai riferimento alla nostra <a href=\"https:\/\/ana-d.it\/it\/cookie-policy-br\/\">Cookie Policy<\/a>.&nbsp;<\/p><h2>5. Pratiche di divulgazione<\/h2><p><p>Comunichiamo informazioni personali se ci viene richiesto dalla legge o da un ordine del tribunale, in risposta a un'autorit\u00e0 incaricata dell'applicazione della legge, nella misura consentita da altre disposizioni di legge, per fornire informazioni o per un'indagine su una questione relativa alla sicurezza pubblica.<\/p><p>Se il nostro sito Web o organizzazione viene rilevato, venduto o coinvolto in una fusione o acquisizione, i tuoi dati potrebbero essere divulgati ai nostri consulenti e a eventuali potenziali acquirenti e saranno trasmessi ai nuovi proprietari.<\/p><\/p><p>Google non pu\u00f2 utilizzare i dati per altri servizi di Google.<\/p><p>L'inclusione di indirizzi IP interi \u00e8 bloccato da noi.<\/p><h2>6. Sicurezza<\/h2><p>Ci impegniamo per la sicurezza dei dati personali. Prendiamo adeguate misure di sicurezza per limitare l'abuso e l'accesso non autorizzato ai dati personali. Ci\u00f2 garantisce che solo le persone necessarie abbiano accesso ai tuoi dati, che l'accesso ai dati sia protetto e che le nostre misure di sicurezza vengano regolarmente riviste.<\/p><h2>7. Siti web di terze parti<\/h2><p>Questa dichiarazione sulla privacy non si applica ai siti web di terzi collegati tramite link sul nostro sito web. Non possiamo garantire che queste terze parti gestiscano i vostri dati personali in modo affidabile e sicuro. Vi consigliamo di leggere le dichiarazioni sulla privacy di questi siti web prima di utilizzarli.<\/p><h2>8. Ammende riguardo questa dichiarazione della privacy<\/h2><p>Ci riserviamo il diritto di apportare modifiche alla presente dichiarazione sulla privacy. Si raccomanda di consultare regolarmente questa dichiarazione sulla privacy per essere a conoscenza di eventuali modifiche. Inoltre, ti informeremo attivamente laddove possibile.<\/p><h2>9. Accesso e modifica dei tuoi dati<\/h2><p>Se avete domande o volete sapere quali dati personali abbiamo su di voi, contattateci. Potete contattarci utilizzando le informazioni qui sotto. I vostri diritti in rispetto ai dati personali:<\/p><ul>\n                <li>conferma dell'esistenza del trattamento;<\/li>\n                <li>accesso ai dati;<\/li>\n                <li>correzione di dati incompleti, imprecisi o obsoleti;<\/li>\n                <li>l'anonimizzazione, il blocco o la cancellazione di dati inutili, eccessivi o trattati in disaccordo con le disposizioni della Legge generale sulla protezione dei dati personali (LGPD);<\/li>\n                <li>la portabilit\u00e0 dei dati a un altro fornitore di servizi o prodotti, su richiesta esplicita, in conformit\u00e0 con le norme dell'autorit\u00e0 nazionale, rispettando i segreti commerciali e industriali;<\/li>\n                <li>cancellazione dei dati personali trattati con il consenso del titolare, tranne nei casi previsti dall'art. 16 della Legge generale sulla protezione dei dati personali (LGPD);<\/li>\n                <li>informazioni su entit\u00e0 pubbliche e private con cui il responsabile del trattamento ha condiviso i dati;<\/li>\n                <li>informazioni sulla possibilit\u00e0 di non fornire il consenso e sulle conseguenze del rifiuto.<\/li>\n            <\/ul><p>Per esercitare questi diritti, la preghiamo di contattarci. Si prega di fare riferimento ai dettagli di contatto in fondo a questa dichiarazione sulla privacy.<\/p>\n            <p>Assicurati di segnalare sempre in modo chiaro chi sei, cos\u00ec da essere certi di non cancellare o modificare i dati di un una persona sbagliata.<\/p><h2>10. Invio di un reclamo<\/h2><p>Se non dovesse soddisfare il modo in cui gestiamo (un reclamo riguardo) il trattamento dei tuoi dati personali, hai il diritto di presentare un reclamo all'Autorit\u00e0 Nazionale per la Protezione dei Dati (ANPD):<\/p><p><br \/>Autoridade Nacional de Prote\u00e7\u00e3o de Dados\n\t\t\t\t\t\t<br \/>\n\t\t\t\t\t\t<br \/>Esplanada dos Minist\u00e9rios,\n\t\t\t\t\t\t<br \/>Bloco C,\n\t\t\t\t\t\t<br \/>2\u00ba andar,\n\t\t\t\t\t\t<br \/>CEP 70297-400 - Bras\u00edlia \u2013 DF.\n\t\t\t\t\t\t<br \/><a href=\"https:\/\/www.gov.br\/anpd\/pt-br\/canais_atendimento\/\" target=\"_blank\">Sito web<\/a><\/p><h2>11. Bambino<\/h2><p>Il nostro sito Web non \u00e8 progettato per attirare i bambini e non \u00e8 nostra intenzione raccogliere dati personali da minori di et\u00e0 inferiore al consenso nel loro paese di residenza. Pertanto chiediamo che i minori di et\u00e0 inferiore al consenso non ci inviino alcun dato personale.<\/p><h2>12. Dettagli contatti<\/h2><p>OXYGEN INTERNATIONAL<br \/>\n        Saif Office R03-07\/B<br \/>\nP.O.Box 7886<br \/>\nSharjah<br \/>\n        Emirati Arabi Uniti<br \/>\n        Sito web: <a href=\"https:\/\/ana-d.it\/it\/\">https:\/\/ana-d.it\/it\/<\/a> <br \/>\n        Email: <span class=\"cmplz-obfuscate\">&#105;nfo@<span class=\"cmplz-fmail-domain\">ex&#046;c&#111;&#109;<\/span>ana-d&#046;i&#116;<\/span> <br \/>\n        Numero di telefono: +971 2 677 3139<\/p><h2>Annesso<\/h2><p><h2>WPML String Translation<\/h2><p>WPML String Translation invier\u00e0 tutte le stringhe all'editor di traduzione avanzato di WPML e ai servizi di traduzione utilizzati.<\/p><h2>WPML Translation Management<\/h2><p>WPML Translation Management invier\u00e0 l'indirizzo e-mail e il nome di ciascun responsabile e traduttore assegnato, nonch\u00e9 gli stessi contenuti all'editor di traduzione avanzato e ai servizi di traduzione utilizzati.<\/p><h2>WooCommerce<\/h2><p>Questo linguaggio campione include gli elementi di base su raccolta dei dati personali, la memorizzazione e la condivisione, nonch\u00e9 su chi \u00e8 autorizzato ad accedere a tali dati. In base alle impostazioni abilitate e ai plugin aggiuntivi utilizzati, le informazioni specifiche condivise dal nostro negozio possono variare. Ti consigliamo di consultare un legale al momento di decidere quali informazioni divulgare sulla tua informativa sulla privacy.<\/p><p>Durante la procedura di pagamento nel nostro negozio raccogliamo informazioni su di te.<\/p><h2>Cosa raccogliamo e salviamo<\/h2><p>Mentre visiti il nostro sito, tracciamo:<\/p><ul><li>I prodotti che hai visualizzato: useremo queste informazioni per, ad esempio, mostrarti i prodotti che hai visualizzato di recente<\/li><li>Posizione, indirizzo IP e tipo di browser: useremo queste informazioni per una stima di imposte e spedizione<\/li><li>Indirizzo di spedizione: ti chiederemo di inserirlo per, ad esempio, stimare la spedizione prima che tu effettui l\u2019ordine e per inviarti quanto acquistato!<\/li><\/ul><p>Useremo i cookie anche per tenere traccia del contenuto del carrello mentre stai navigando sul nostro sito.<\/p><p>Nota: per ulteriori dettagli sulla informativa sui cookie, da qui verrai collegato alla sezione.<\/p><p>Quando effettui un acquisto presso di noi, ti invitiamo a fornire informazioni quali nome, indirizzo di fatturazione, indirizzo di spedizione, indirizzo e-mail, numero di telefono, numero di carta di credito\/dettagli del pagamento e informazioni opzionali sull\u2019account, come il nome utente e la password. Useremo queste informazioni per scopi quali:<\/p><ul><li>Ti inviamo informazioni sull\u2019account e sull\u2019ordine<\/li><li>Rispondiamo alle tue richieste, inclusi reclami e rimborsi<\/li><li>Elaborazione dei pagamenti e prevenzione delle frodi<\/li><li>Configura il tuo account per il nostro negozio<\/li><li>Rispetta tutti gli obblighi legali a nostro carico, come il calcolo delle imposte<\/li><li>Migliora le offerte del nostro negozio<\/li><li>Invio di messaggi di marketing, se scegli di riceverli<\/li><\/ul><p>Se crei un account, archivieremo il tuo nome, indirizzo, email e numero di telefono: questi dati verranno poi usati per popolare la cassa nei tuoi ordini futuri.<\/p><p>In generale conserviamo le tue informazioni finch\u00e9 ne abbiamo bisogno per le finalit\u00e0 per le quali raccogliamo e utilizziamo i dati e finch\u00e9 siamo legalmente tenuti a continuare a mantenerli. Ad esempio, archiviamo le informazioni sull\u2019ordine per XXX anni per ragioni fiscali e di contabilit\u00e0. Tali informazioni includono nome, indirizzo e-mail e indirizzi di fatturazione e spedizione.<\/p><p>Archiviamo anche commenti e recensioni, se scegli di lasciarceli.<\/p><h2>Persone del nostro team che hanno accesso<\/h2><p>I membri del nostro team hanno accesso alle informazioni che ci fornisci. Per esempio, sia gli amministratori che gli shop manager possono accedere a:<\/p><ul><li>Informazioni sull\u2019ordine quali, oggetto acquistato, data di acquisto e luogo di spedizione e<\/li><li>Informazioni sul cliente come il tuo nome, indirizzo email e informazioni di fatturazione e spedizione.<\/li><\/ul><p>I membri del nostro team hanno accesso a queste informazioni per aiutare a soddisfare gli ordini, elaborare i rimborsi e supportarti.<\/p><h2>Cosa condividiamo con gli altri<\/h2><p>In questa sezione devi elencare con chi condividi i dati e a quale scopo. Potrebbero includere, ma non limitarsi a questo, analisi, marketing, gateway di pagamento, fornitori di spedizioni e incorporazioni di terze parti.<\/p><p>Condividiamo le informazioni con terze parti che ci aiutano a fornire servizi del negozio e per gli ordini; ad esempio --<\/p><h3>Pagamenti<\/h3><p>In questa sezione secondaria, devi elencare i processori di pagamento di terze parti che utilizzi per i pagamenti sul tuo negozio poich\u00e9 questi potrebbero gestire i dati dei clienti. Abbiamo incluso PayPal come esempio, ma se non usi PayPal puoi rimuoverlo.<\/p><p>Accettiamo pagamenti tramite PayPal. Durante l'elaborazione dei pagamenti, alcuni dati vengono trasferiti a PayPal, incluse le informazioni necessarie per elaborare o supportare il pagamento, come il totale degli acquisti e i dati di fatturazione.<\/p><p>Per ulteriori dettagli, consulta la <a href=\"https:\/\/www.paypal.com\/us\/webapps\/mpp\/ua\/privacy-full\">privacy policy di PayPal <\/a>.<\/p><h2>WPML<\/h2><p>WPML utilizza i cookie per identificare la lingua del visitatore corrente, quella dell'ultima visita e quella degli utenti che hanno effettuato l'accesso.<\/p><p>Quando si utilizza il plugin, WPML condivider\u00e0 i dati relativi al sito tramite il programma di installazione. Non verr\u00e0 condiviso nessun dato personale dell'utente.<\/p><\/p><\/div>\n","protected":false},"excerpt":{"rendered":"","protected":false},"author":1,"featured_media":0,"parent":0,"menu_order":1600,"comment_status":"closed","ping_status":"closed","template":"template-demo.php","meta":{"_acf_changed":false,"footnotes":""},"class_list":["post-2400","page","type-page","status-publish","hentry"],"acf":[],"yoast_head":"<!-- This site is optimized with the Yoast SEO plugin v26.2 - https:\/\/yoast.com\/wordpress\/plugins\/seo\/ -->\n<title>Dichiarazione sulla Privacy (BR) | ANA D<\/title>\n<meta name=\"robots\" content=\"index, follow, max-snippet:-1, max-image-preview:large, max-video-preview:-1\" \/>\n<link rel=\"canonical\" href=\"https:\/\/ana-d.it\/it\/dichiarazione-sulla-privacy-br\/\" \/>\n<meta property=\"og:locale\" content=\"it_IT\" \/>\n<meta property=\"og:type\" content=\"article\" \/>\n<meta property=\"og:title\" content=\"Dichiarazione sulla Privacy (BR) | ANA D\" \/>\n<meta property=\"og:url\" content=\"https:\/\/ana-d.it\/it\/dichiarazione-sulla-privacy-br\/\" \/>\n<meta property=\"og:site_name\" content=\"ANA D\" \/>\n<meta property=\"article:modified_time\" content=\"2024-02-13T18:00:02+00:00\" \/>\n<meta name=\"twitter:card\" content=\"summary_large_image\" \/>\n<script type=\"application\/ld+json\" class=\"yoast-schema-graph\">{\"@context\":\"https:\/\/schema.org\",\"@graph\":[{\"@type\":\"WebPage\",\"@id\":\"https:\/\/ana-d.it\/it\/dichiarazione-sulla-privacy-br\/\",\"url\":\"https:\/\/ana-d.it\/it\/dichiarazione-sulla-privacy-br\/\",\"name\":\"Dichiarazione sulla Privacy (BR) | ANA D\",\"isPartOf\":{\"@id\":\"https:\/\/ana-d.it\/it\/#website\"},\"datePublished\":\"2024-02-13T17:41:43+00:00\",\"dateModified\":\"2024-02-13T18:00:02+00:00\",\"inLanguage\":\"it-IT\",\"potentialAction\":[{\"@type\":\"ReadAction\",\"target\":[\"https:\/\/ana-d.it\/it\/dichiarazione-sulla-privacy-br\/\"]}]},{\"@type\":\"WebSite\",\"@id\":\"https:\/\/ana-d.it\/it\/#website\",\"url\":\"https:\/\/ana-d.it\/it\/\",\"name\":\"ANA D\",\"description\":\"Intimo femminile\",\"publisher\":{\"@id\":\"https:\/\/ana-d.it\/it\/#organization\"},\"potentialAction\":[{\"@type\":\"SearchAction\",\"target\":{\"@type\":\"EntryPoint\",\"urlTemplate\":\"https:\/\/ana-d.it\/it\/?s={search_term_string}\"},\"query-input\":{\"@type\":\"PropertyValueSpecification\",\"valueRequired\":true,\"valueName\":\"search_term_string\"}}],\"inLanguage\":\"it-IT\"},{\"@type\":\"Organization\",\"@id\":\"https:\/\/ana-d.it\/it\/#organization\",\"name\":\"ANA D\",\"url\":\"https:\/\/ana-d.it\/it\/\",\"logo\":{\"@type\":\"ImageObject\",\"inLanguage\":\"it-IT\",\"@id\":\"https:\/\/ana-d.it\/it\/#\/schema\/logo\/image\/\",\"url\":\"https:\/\/ana-d.it\/wp-content\/uploads\/logo-2.png\",\"contentUrl\":\"https:\/\/ana-d.it\/wp-content\/uploads\/logo-2.png\",\"width\":500,\"height\":115,\"caption\":\"ANA D\"},\"image\":{\"@id\":\"https:\/\/ana-d.it\/it\/#\/schema\/logo\/image\/\"}}]}<\/script>\n<!-- \/ Yoast SEO plugin. -->","yoast_head_json":{"title":"Dichiarazione sulla Privacy (BR) | ANA D","robots":{"index":"index","follow":"follow","max-snippet":"max-snippet:-1","max-image-preview":"max-image-preview:large","max-video-preview":"max-video-preview:-1"},"canonical":"https:\/\/ana-d.it\/it\/dichiarazione-sulla-privacy-br\/","og_locale":"it_IT","og_type":"article","og_title":"Dichiarazione sulla Privacy (BR) | ANA D","og_url":"https:\/\/ana-d.it\/it\/dichiarazione-sulla-privacy-br\/","og_site_name":"ANA D","article_modified_time":"2024-02-13T18:00:02+00:00","twitter_card":"summary_large_image","schema":{"@context":"https:\/\/schema.org","@graph":[{"@type":"WebPage","@id":"https:\/\/ana-d.it\/it\/dichiarazione-sulla-privacy-br\/","url":"https:\/\/ana-d.it\/it\/dichiarazione-sulla-privacy-br\/","name":"Dichiarazione sulla Privacy (BR) | ANA D","isPartOf":{"@id":"https:\/\/ana-d.it\/it\/#website"},"datePublished":"2024-02-13T17:41:43+00:00","dateModified":"2024-02-13T18:00:02+00:00","inLanguage":"it-IT","potentialAction":[{"@type":"ReadAction","target":["https:\/\/ana-d.it\/it\/dichiarazione-sulla-privacy-br\/"]}]},{"@type":"WebSite","@id":"https:\/\/ana-d.it\/it\/#website","url":"https:\/\/ana-d.it\/it\/","name":"ANA D","description":"Intimo femminile","publisher":{"@id":"https:\/\/ana-d.it\/it\/#organization"},"potentialAction":[{"@type":"SearchAction","target":{"@type":"EntryPoint","urlTemplate":"https:\/\/ana-d.it\/it\/?s={search_term_string}"},"query-input":{"@type":"PropertyValueSpecification","valueRequired":true,"valueName":"search_term_string"}}],"inLanguage":"it-IT"},{"@type":"Organization","@id":"https:\/\/ana-d.it\/it\/#organization","name":"ANA D","url":"https:\/\/ana-d.it\/it\/","logo":{"@type":"ImageObject","inLanguage":"it-IT","@id":"https:\/\/ana-d.it\/it\/#\/schema\/logo\/image\/","url":"https:\/\/ana-d.it\/wp-content\/uploads\/logo-2.png","contentUrl":"https:\/\/ana-d.it\/wp-content\/uploads\/logo-2.png","width":500,"height":115,"caption":"ANA D"},"image":{"@id":"https:\/\/ana-d.it\/it\/#\/schema\/logo\/image\/"}}]}},"_links":{"self":[{"href":"https:\/\/ana-d.it\/it\/wp-json\/wp\/v2\/pages\/2400","targetHints":{"allow":["GET"]}}],"collection":[{"href":"https:\/\/ana-d.it\/it\/wp-json\/wp\/v2\/pages"}],"about":[{"href":"https:\/\/ana-d.it\/it\/wp-json\/wp\/v2\/types\/page"}],"author":[{"embeddable":true,"href":"https:\/\/ana-d.it\/it\/wp-json\/wp\/v2\/users\/1"}],"replies":[{"embeddable":true,"href":"https:\/\/ana-d.it\/it\/wp-json\/wp\/v2\/comments?post=2400"}],"version-history":[{"count":1,"href":"https:\/\/ana-d.it\/it\/wp-json\/wp\/v2\/pages\/2400\/revisions"}],"predecessor-version":[{"id":2409,"href":"https:\/\/ana-d.it\/it\/wp-json\/wp\/v2\/pages\/2400\/revisions\/2409"}],"wp:attachment":[{"href":"https:\/\/ana-d.it\/it\/wp-json\/wp\/v2\/media?parent=2400"}],"curies":[{"name":"wp","href":"https:\/\/api.w.org\/{rel}","templated":true}]}}